{"id":91,"date":"2022-08-29T23:30:56","date_gmt":"2022-08-29T21:30:56","guid":{"rendered":"https:\/\/test.tobiaskucera.art\/?page_id=91"},"modified":"2026-04-01T10:01:31","modified_gmt":"2026-04-01T08:01:31","slug":"o-mne","status":"publish","type":"page","link":"https:\/\/tobiaskucera.art\/en\/o-mne\/","title":{"rendered":"About"},"content":{"rendered":"<div class=\"wp-block-group alignfull animated fadeIn is-layout-constrained wp-block-group-is-layout-constrained\" style=\"padding-top:0;padding-bottom:var(--wp--preset--spacing--50)\">\n<h2 class=\"wp-block-heading has-text-align-center has-mobile-text-align-left\">BcA. Tobi\u00e1\u0161 Ku\u010dera<\/h2>\n\n\n\n<p class=\"has-text-align-center has-palette-color-2-color has-text-color has-mobile-text-align-left\" style=\"line-height:0\">photographer, filmmaker, designer<\/p>\n\n\n\n<div style=\"margin-top:0;margin-bottom:0;height:40px\" aria-hidden=\"true\" class=\"wp-block-spacer editorskit-no-tablet editorskit-no-mobile\"><\/div>\n\n\n\n<div style=\"background-image:url(&apos;https:\/\/tobiaskucera.art\/wp-content\/uploads\/repertoar4_28-schola-op.jpg&apos;);background-position:41% 36%;background-size:cover;background-attachment:fixed;\" class=\"wp-block-group alignfull editorskit-no-tablet editorskit-no-mobile is-layout-constrained wp-block-group-is-layout-constrained has-background\">\n<div class=\"wp-block-group alignwide is-layout-grid wp-container-core-group-is-layout-b8f25cf7 wp-block-group-is-layout-grid\" style=\"padding-top:3vw;padding-bottom:3vw\">\n<p><\/p>\n\n\n\n\n\n<p class=\"has-text-align-left has-palette-color-8-color has-text-color has-background has-link-color wp-elements-0d426461b83580c5af787d1e19aed7ae\" style=\"background-color:#000000a1;margin-right:0;margin-left:var(--wp--preset--spacing--80)\">I&#8217;m a visual artist. Obsessed by details, with a sense for composition and imagination. I grew up and live in Olomouc, in the middle of Moravia in the Czech Republic. Historical sites around me helped me to form my point of view on art. My sense for composition is influenced by my father, a photographer.<br><br><em>Secondary school of applied art in Uhersk\u00e9 Hradi\u0161t\u011b<\/em> shaped my manual skills in shoe design and drawing skills in graphic design.<br><br>Desire to improve the drawing skills I had developed as a child led me to study film animation at <em>Tom\u00e1\u0161 Ba\u0165a University in Zl\u00edn<\/em>. Animation combined my knowledge of composition and drawing and introduce me to filmmaking such as camera work, editing, and post-production.<br><br>After graduating, I worked for a year as an art director at an indie game studio (<em>Soulbound Games<\/em>).<br><br>In 2015, I started freelancing (<a href=\"https:\/\/tobiaskucera.art\/en\/\" data-type=\"link\" data-id=\"https:\/\/tobiaskucera.art\"><em>tobiaskucera.art<\/em><\/a>) as an independent artist focusing on digital visual and audio-visual production, turning my obsession with aesthetics and composition into my livelihood. In my profession, I focus on documentary photography and filmmaking, and graphic design. Together with my wife Tereza, I also do wedding photography (<a href=\"https:\/\/kucerovi.art\" data-type=\"link\" data-id=\"https:\/\/kucerovi.art\"><em>kucerovi.art<\/em><\/a>).<br><br>I look at inspiration in everyday life with my family and fascination with the activities of independent creative artists from a wide range of artistic fields. In my free time, I devote myself to choir conducting, sacred music, IT, computer and board games.<\/p>\n<\/div>\n<\/div>\n\n\n\n<div style=\"background-image:url(&apos;https:\/\/tobiaskucera.art\/wp-content\/uploads\/repertoar4_28-schola-op.jpg&apos;);background-position:40% 32%;background-size:cover;background-attachment:fixed;\" class=\"wp-block-group alignfull editorskit-no-desktop is-layout-constrained wp-block-group-is-layout-constrained has-background\">\n\n\n<p class=\"has-text-align-left has-palette-color-8-color has-text-color has-background has-link-color wp-elements-20b7cc0ccf1c2f64a9900e3725c11603\" style=\"background-color:#000000ba;margin-top:400px;margin-bottom:0\">I&#8217;m a visual artist. Obsessed by details, with a sense for composition and imagination. I grew up and live in Olomouc, in the middle of Moravia in the Czech Republic. Historical sites around me helped me to form my point of view on art. My sense for composition is influenced by my father, a photographer.<br><br><em>Secondary school of applied art in Uhersk\u00e9 Hradi\u0161t\u011b<\/em> shaped my manual skills in shoe design and drawing skills in graphic design.<br><br>Desire to improve the drawing skills I had developed as a child led me to study film animation at <em>Tom\u00e1\u0161 Ba\u0165a University in Zl\u00edn<\/em>. Animation combined my knowledge of composition and drawing and introduce me to filmmaking such as camera work, editing, and post-production.<br><br>After graduating, I worked for a year as an art director at an indie game studio (<em>Soulbound Games<\/em>).<br><br>In 2015, I started freelancing (<a href=\"https:\/\/tobiaskucera.art\/en\/\" data-type=\"link\" data-id=\"https:\/\/tobiaskucera.art\"><em>tobiaskucera.art<\/em><\/a>) as an independent artist focusing on digital visual and audio-visual production, turning my obsession with aesthetics and composition into my livelihood. In my profession, I focus on documentary photography and filmmaking, and graphic design. Together with my wife Tereza, I also do wedding photography (<a href=\"https:\/\/kucerovi.art\" data-type=\"link\" data-id=\"https:\/\/kucerovi.art\"><em>kucerovi.art<\/em><\/a>).<br><br>I look at inspiration in everyday life with my family and fascination with the activities of independent creative artists from a wide range of artistic fields. In my free time, I devote myself to choir conducting, sacred music, IT, computer and board games.<\/p>\n<\/div>\n<\/div>\n\n\n\n<h5 class=\"wp-block-heading\"><strong>Education<\/strong><\/h5>\n\n\n\n<ul class=\"wp-block-list\">\n<li>2011\u20132015 \u2022 University, Bachelor of Arts (BcA.) \u2013 Tomas Bata University in Zl\u00edn, Faculty of Multimedia Communications <em>\/field of animated creation<\/em><\/li>\n\n\n\n<li>2006\u20132010 \u2022 Secondary School of Applied Arts in Uhersk\u00e9 Hradi\u0161t\u011b <em>\/field of shoe design and production<\/em><\/li>\n\n\n\n<li>1996\u20132004 \u2022 \u017derot\u00edn Elementary Art School, Olomouc <em>\/piano<\/em><\/li>\n<\/ul>\n\n\n\n<h5 class=\"wp-block-heading\"><strong>Work experience<\/strong><\/h5>\n\n\n\n<ul class=\"wp-block-list\">\n<li>2015\u2013present \u2022 Freelance artist <em>\/photography, fine arts, audio-visual creation<\/em><\/li>\n\n\n\n<li>2015\u20132015 \u2022 Soulbound Games, Zl\u00edn <em>\/art director (illustration, animation, graphic design, editing)<\/em><\/li>\n<\/ul>\n\n\n\n<h5 class=\"wp-block-heading\"><strong>Projects<\/strong><\/h5>\n\n\n\n<ul class=\"wp-block-list\">\n<li>CARITAS \u2013 College of Social Work Olomouc <em>\/videospoty, fotografie, produkce &amp; postprodukce odborn\u00fdch online kurz\u016f\/podcasty (podCARITASt)<\/em><\/li>\n\n\n\n<li>Palack\u00fd University Olomouc <em>\/video spots \/animated film workshop instructor<\/em><\/li>\n\n\n\n<li>Mendelova Univerzita v Brn\u011b <em>\/lecturer of weekend photography workshops for the Garden Architecture program in Lednice<\/em><\/li>\n\n\n\n<li>galeriezet Velk\u00e1 byst\u0159ice <em>\/documentary film about exhibiting artists<\/em><\/li>\n\n\n\n<li>Sdru\u017een\u00ed D \u2013 family and school cooperation center <em>\/instructional videos for parents and educators<\/em><\/li>\n\n\n\n<li>Bumerang film <em>\/cameraman and graphic designer for the documentary Psi P\u00e1n\u011b (God's Dogs)<\/em><\/li>\n\n\n\n<li>Studio Velehrad <em>\/editing and cinematography for the film Via Rosarii, The Secret of the Heart<\/em><\/li>\n\n\n\n<li>M\u0160 Z\u0160 Za\u010d\u00edt Spolu Olomouc, Rauerholz s.r.o, Activ-shop, Truhl\u00e1\u0159stv\u00ed Martin V\u00edtek, Descubriosa, Kikita <em>logo, DTP, visual identity<\/em><\/li>\n\n\n\n<li>Z\u00e1mek B\u0159e\u017eany p.o., Emin z\u00e1mek p.o., Czech Dominican Province, KOV-metalwork, Lola Nov\u00e1\u010dek s.r.o., Restaurace u Krist\u00fdna, New Street Band, \u017derot\u00edn Elementary Art School, Olomouc <em>\/photography for professional portfolio<\/em><\/li>\n\n\n\n<li>Jitka Jur\u00e1\u0148ov\u00e1, Krystal OP publishing house <em>\/graphic layout of books<\/em><\/li>\n\n\n\n<li>Yggdrasilmont, s.r.o., Kl\u00e1\u0161ter dominik\u00e1n\u016f Praha, kucerovi.art <em>\/webdesign<\/em><\/li>\n\n\n\n<li>Kikafe s.r.o. <em>\/graphic design of packaging for coffee beans<\/em><\/li>\n\n\n\n<li>kucerovi.art <em>\/wedding documentary<\/em><\/li>\n<\/ul>\n\n\n\n<div class=\"wp-block-group is-layout-constrained wp-block-group-is-layout-constrained\">\n<h5 class=\"wp-block-heading\"><strong>Price list<\/strong><\/h5>\n\n\n\n<p>Individual, depending on the specific requirements of project.<br>Hourly rate \u2013 CZK 1,100<\/p>\n<\/div>\n\n\n\n<div class=\"wp-block-group is-layout-constrained wp-block-group-is-layout-constrained\">\n<h5 class=\"wp-block-heading\"><strong>Kontakt<\/strong><\/h5>\n\n\n\n<p><a href=\"mailto:visualartist@tobiaskucera.art\">visualartist@tobiaskucera.art<\/a><br><a href=\"https:\/\/t.me\/tobiaskucera\">https:\/\/t.me\/tobiaskucera<\/a><br><a href=\"https:\/\/www.facebook.com\/tobiaskucera.art\">https:\/\/www.facebook.com\/tobiaskucera.art<\/a><br><a href=\"http:\/\/www.youtube.com\/@tobiaskucera9821\">www.youtube.com\/@tobiaskucera9821<\/a><br><a href=\"https:\/\/matrix.to\/#\/#tobiaskucera.art:matrix.org\">https:\/\/matrix.to\/#\/#tobiaskucera.art:matrix.org<\/a><br><a href=\"https:\/\/tobiaskucera.art\/en\/feed\/\">https:\/\/tobiaskucera.art\/feed\/<\/a><\/p>\n<\/div>\n\n\n\n<p class=\"has-palette-color-2-color has-text-color\">I\u010c: 04474511 | Nejsem pl\u00e1tce DPH.<br>Podnikatel je zaps\u00e1n v \u017eivnostensk\u00e9m rejst\u0159\u00edku.<\/p>","protected":false},"excerpt":{"rendered":"<p>Vyr\u016fstal jsem a dodnes p\u016fsob\u00edm v Olomouci. Od mali\u010dka obklopen historick\u00fdmi pam\u00e1tkami a um\u011bn\u00edm v\u0161eho druhu. D\u00edky m\u00e9mu otci, fotografovi&#8230;<\/p>","protected":false},"author":1,"featured_media":2764,"parent":0,"menu_order":0,"comment_status":"closed","ping_status":"closed","template":"","meta":{"_editorskit_title_hidden":false,"_editorskit_reading_time":0,"_editorskit_is_block_options_detached":false,"_editorskit_block_options_position":"{}","_vp_format_video_url":"","_vp_image_focal_point":[],"footnotes":""},"class_list":["post-91","page","type-page","status-publish","has-post-thumbnail","hentry"],"blocksy_meta":{"content_style_source":"inherit","vertical_spacing_source":"custom","content_style":{"desktop":"wide","tablet":"wide","mobile":"wide","__changed":[]},"page_structure_type":"type-3","styles_descriptor":{"styles":{"desktop":"[data-prefix=\"single_page\"] .entry-header .page-title {--theme-font-size:30px;} [data-prefix=\"single_page\"] .entry-header .entry-meta {--theme-font-weight:600;--theme-text-transform:uppercase;--theme-font-size:12px;--theme-line-height:1.3;} [data-prefix=\"single_page\"] .hero-section[data-type=\"type-1\"] {--margin-bottom:0px;} [data-prefix=\"single_page\"] {background-color:#ffffff;background-image:none;}","tablet":"","mobile":""},"google_fonts":{"Source Sans 3":["n4","n6"]},"version":6},"content_area_spacing":"bottom","background":{"background_type":"color","background_pattern":"type-1","background_image":{"attachment_id":2563,"x":0,"y":0,"url":"https:\/\/tobiaskucera.art\/wp-content\/uploads\/canvas1-512x512.jpg"},"gradient":"linear-gradient(135deg,rgba(6,147,227,1) 0%,rgb(155,81,224) 100%)","background_repeat":"repeat","background_size":"auto","background_attachment":"scroll","patternColor":{"default":{"color":"#e5e7ea"}},"overlayColor":{"default":{"color":"CT_CSS_SKIP_RULE"}},"backgroundColor":{"default":{"color":"#ffffff"}}},"disable_header":"no","disable_featured_image":"no","has_hero_section":"enabled","hero_elements":[{"id":"custom_title","enabled":false,"heading_tag":"h1","title":"Home","__id":"eR-MrfLtUTKvrjoH8YV4j"},{"id":"custom_description","enabled":false,"description_visibility":{"desktop":true,"tablet":true,"mobile":false},"__id":"K0pnds769HAI8y5fkEKYz"},{"id":"custom_meta","enabled":false,"meta_elements":[{"id":"author","enabled":true,"label":"By","has_author_avatar":"yes","avatar_size":25},{"id":"post_date","enabled":true,"label":"On","date_format_source":"default","date_format":"M j, Y"},{"id":"updated_date","enabled":false,"label":"On","date_format_source":"default","date_format":"M j, Y"},{"id":"categories","enabled":false,"label":"In","style":"simple"},{"id":"comments","enabled":true}],"page_meta_elements":{"joined":true,"articles_count":true,"comments":true},"__id":"zTdGVcnNb6nVukCuaU6bv"},{"id":"breadcrumbs","enabled":false,"__id":"-eT5KOiWe-d2tGxV4eAO2"}],"hero_margin":"0px"},"_links":{"self":[{"href":"https:\/\/tobiaskucera.art\/en\/wp-json\/wp\/v2\/pages\/91","targetHints":{"allow":["GET"]}}],"collection":[{"href":"https:\/\/tobiaskucera.art\/en\/wp-json\/wp\/v2\/pages"}],"about":[{"href":"https:\/\/tobiaskucera.art\/en\/wp-json\/wp\/v2\/types\/page"}],"author":[{"embeddable":true,"href":"https:\/\/tobiaskucera.art\/en\/wp-json\/wp\/v2\/users\/1"}],"replies":[{"embeddable":true,"href":"https:\/\/tobiaskucera.art\/en\/wp-json\/wp\/v2\/comments?post=91"}],"version-history":[{"count":37,"href":"https:\/\/tobiaskucera.art\/en\/wp-json\/wp\/v2\/pages\/91\/revisions"}],"predecessor-version":[{"id":5241,"href":"https:\/\/tobiaskucera.art\/en\/wp-json\/wp\/v2\/pages\/91\/revisions\/5241"}],"wp:featuredmedia":[{"embeddable":true,"href":"https:\/\/tobiaskucera.art\/en\/wp-json\/wp\/v2\/media\/2764"}],"wp:attachment":[{"href":"https:\/\/tobiaskucera.art\/en\/wp-json\/wp\/v2\/media?parent=91"}],"curies":[{"name":"wp","href":"https:\/\/api.w.org\/{rel}","templated":true}]}}